{"id":1411,"date":"2023-12-21T11:00:23","date_gmt":"2023-12-21T11:00:23","guid":{"rendered":"https:\/\/mplastpipe.com\/a-propos-de-nous\/"},"modified":"2024-10-31T06:07:08","modified_gmt":"2024-10-31T06:07:08","slug":"a-propos-de-nous","status":"publish","type":"page","link":"https:\/\/mplastpipe.com\/fr\/a-propos-de-nous\/","title":{"rendered":"\u00c0 propos de nous"},"content":{"rendered":"\n\n\t<section class=\"section\" id=\"section_722227602\">\n\t\t<div class=\"section-bg fill\" >\n\t\t\t\t\t\t\t\t\t\n\t\t\t\n\n\t\t<\/div>\n\n\t\t\n\n\t\t<div class=\"section-content relative\">\n\t\t\t\n\n\n  <div class=\"banner has-hover\" id=\"banner-1861101549\">\n          <div class=\"banner-inner fill\">\n        <div class=\"banner-bg fill\" >\n            <img loading=\"lazy\" decoding=\"async\" width=\"1920\" height=\"700\" src=\"https:\/\/mplastpipe.com\/wp-content\/uploads\/2023\/12\/MPlast-About-Us-Banner.jpg\" class=\"bg attachment-original size-original\" alt=\"MPlast About Us Banner\" title=\"\">                        <div class=\"overlay\"><\/div>            \n                    <\/div>\n\t\t\n        <div class=\"banner-layers container\">\n            <div class=\"fill banner-link\"><\/div>            \n\n   <div id=\"text-box-1215056698\" class=\"text-box banner-layer x0 md-x0 lg-x0 y75 md-y75 lg-y75 res-text\">\n                                <div class=\"text-box-content text dark\">\n              \n              <div class=\"text-inner text-center\">\n                  \n\n\t<div id=\"text-2915387570\" class=\"text\">\n\t\t\n\n<p>Lorem ipsum<\/p>\n<h1 style=\"font-size: 2em;\" class=\"uppercase\"><strong>\u00c0 propos de nous<\/strong><\/h1>\n\t\t\n<style>\n#text-2915387570 {\n  text-align: left;\n}\n<\/style>\n\t<\/div>\n\t\n\t<div id=\"text-1111007221\" class=\"text\">\n\t\t\n\n<nav aria-label=\"breadcrumbs\" class=\"rank-math-breadcrumb\"><p><span class=\"last\">Home<\/span><\/p><\/nav>\n\t\t\n<style>\n#text-1111007221 {\n  text-align: left;\n}\n<\/style>\n\t<\/div>\n\t\n\n              <\/div>\n           <\/div>\n                            \n<style>\n#text-box-1215056698 {\n  width: 60%;\n}\n#text-box-1215056698 .text-box-content {\n  font-size: 100%;\n}\n<\/style>\n    <\/div>\n \n\n        <\/div>\n      <\/div>\n\n            \n<style>\n#banner-1861101549 {\n  padding-top: 400px;\n}\n#banner-1861101549 .overlay {\n  background-color: rgba(2, 2, 2, 0.54);\n}\n#banner-1861101549 .banner-bg img {\n  object-position: 49% 16%;\n}\n<\/style>\n  <\/div>\n\n\n\n\t\t<\/div>\n\n\t\t\n<style>\n#section_722227602 {\n  padding-top: 0px;\n  padding-bottom: 0px;\n}\n<\/style>\n\t<\/section>\n\t\n\n\t<section class=\"section\" id=\"section_44955626\">\n\t\t<div class=\"section-bg fill\" >\n\t\t\t\t\t\t\t\t\t\n\t\t\t\n\n\t\t<\/div>\n\n\t\t\n\n\t\t<div class=\"section-content relative\">\n\t\t\t\n\n<div class=\"row\"  id=\"row-869077652\">\n\n\n\t<div id=\"col-701404524\" class=\"col medium-5 small-12 large-5\"  >\n\t\t\t\t<div class=\"col-inner\"  >\n\t\t\t\n\t\t\t\n\n\n  <div class=\"banner has-hover\" id=\"banner-1041395032\">\n          <div class=\"banner-inner fill\">\n        <div class=\"banner-bg fill\" >\n            <img loading=\"lazy\" decoding=\"async\" width=\"1130\" height=\"1600\" src=\"https:\/\/mplastpipe.com\/wp-content\/uploads\/2024\/10\/MPlast-Gorsel.jpg\" class=\"bg attachment-original size-original\" alt=\"\" title=\"\">                        <div class=\"overlay\"><\/div>            \n                    <\/div>\n\t\t\n        <div class=\"banner-layers container\">\n            <div class=\"fill banner-link\"><\/div>            \n\n   <div id=\"text-box-769523113\" class=\"text-box banner-layer x50 md-x50 lg-x50 y50 md-y50 lg-y50 res-text\">\n                                <div class=\"text-box-content text dark\">\n              \n              <div class=\"text-inner text-center\">\n                  \n\n<div class=\"video-button-wrapper\" style=\"font-size:225%\"><a href=\"https:\/\/www.youtube.com\/watch?v=gorwa6v8bls\" class=\"button open-video icon circle is-outline is-xlarge\" rel=\"nofollow noopener\" target=\"_blank\"><i class=\"icon-play\" style=\"font-size:1.5em;\" ><\/i><\/a><\/div>\n\n\n              <\/div>\n           <\/div>\n                            \n<style>\n#text-box-769523113 {\n  width: 29%;\n}\n#text-box-769523113 .text-box-content {\n  font-size: 100%;\n}\n<\/style>\n    <\/div>\n \n\n        <\/div>\n      <\/div>\n\n              <div class=\"height-fix is-invisible\"><img loading=\"lazy\" decoding=\"async\" width=\"1130\" height=\"1600\" src=\"https:\/\/mplastpipe.com\/wp-content\/uploads\/2024\/10\/MPlast-Gorsel.jpg\" class=\"attachment-original size-original\" alt=\"\" srcset=\"https:\/\/mplastpipe.com\/wp-content\/uploads\/2024\/10\/MPlast-Gorsel.jpg 1130w, https:\/\/mplastpipe.com\/wp-content\/uploads\/2024\/10\/MPlast-Gorsel-212x300.jpg 212w, https:\/\/mplastpipe.com\/wp-content\/uploads\/2024\/10\/MPlast-Gorsel-723x1024.jpg 723w, https:\/\/mplastpipe.com\/wp-content\/uploads\/2024\/10\/MPlast-Gorsel-768x1087.jpg 768w, https:\/\/mplastpipe.com\/wp-content\/uploads\/2024\/10\/MPlast-Gorsel-1085x1536.jpg 1085w, https:\/\/mplastpipe.com\/wp-content\/uploads\/2024\/10\/MPlast-Gorsel-600x850.jpg 600w\" sizes=\"auto, (max-width: 1130px) 100vw, 1130px\" title=\"\"><\/div>\n            \n<style>\n#banner-1041395032 .overlay {\n  background-color: rgba(0, 0, 0, 0.215);\n}\n#banner-1041395032 .banner-bg img {\n  object-position: 50% 48%;\n}\n<\/style>\n  <\/div>\n\n\n\n\t\t<\/div>\n\t\t\t\t\n<style>\n#col-701404524 > .col-inner {\n  padding: 0px 0px 0px 0px;\n}\n<\/style>\n\t<\/div>\n\n\t\n\n\t<div id=\"col-667926304\" class=\"col medium-7 small-12 large-7\"  >\n\t\t\t\t<div class=\"col-inner\"  >\n\t\t\t\n\t\t\t\n\n<div class=\"container section-title-container\" style=\"margin-bottom:5px;\"><h3 class=\"section-title section-title-normal\"><b><\/b><span class=\"section-title-main\" >\u00c0 propos de nous<\/span><b><\/b><\/h3><\/div>\n\n<h2 class=\"\"><strong>MPlast<br><\/strong><\/h2>\n<p>MPLAST Bulgaria, l&rsquo;un des principaux acteurs du secteur, est sp\u00e9cialis\u00e9 dans la production de tuyaux et de raccords en PPR destin\u00e9s \u00e0 l&rsquo;approvisionnement en eau et aux installations de chauffage, aux syst\u00e8mes d&rsquo;\u00e9gouts et \u00e0 divers autres articles en plastique. L&rsquo;introduction de produits innovants tels que les tuyaux multicouches en PE-RT a encore renforc\u00e9 la position de l&rsquo;entreprise sur le march\u00e9. <\/p>\n<p>Gr\u00e2ce \u00e0 son engagement en faveur de l&rsquo;excellence de la fabrication, MPLAST a r\u00e9ussi \u00e0 consolider sa position dans l&rsquo;industrie, en gagnant un avantage concurrentiel gr\u00e2ce \u00e0 la qualit\u00e9 exceptionnelle de ses produits, \u00e0 une gamme de produits \u00e9tendue, \u00e0 des prix comp\u00e9titifs et \u00e0 des d\u00e9lais de livraison efficaces. La marque MPLAST, cr\u00e9\u00e9e en 2003, s&rsquo;est rapidement impos\u00e9e comme une r\u00e9f\u00e9rence de qualit\u00e9, facilement reconnaissable et tr\u00e8s appr\u00e9ci\u00e9e par nos clients exigeants. <\/p>\n<p>En t\u00e9moignage de son engagement en faveur de l&rsquo;excellence, MPLAST a forg\u00e9 de solides collaborations avec de nombreux partenaires, tant en Bulgarie qu&rsquo;\u00e0 l&rsquo;\u00e9chelle internationale. Actuellement, l&rsquo;entreprise a une pr\u00e9sence significative sur les march\u00e9s d&rsquo;Afrique, d&rsquo;Asie et d&rsquo;Europe, ce qui souligne notre engagement \u00e0 fournir des produits et des services de premier ordre \u00e0 l&rsquo;\u00e9chelle mondiale. <\/p>\n\n\t\t<\/div>\n\t\t\t\t\n<style>\n#col-667926304 > .col-inner {\n  padding: 20px 0px 0px 0px;\n}\n<\/style>\n\t<\/div>\n\n\t\n\n<\/div>\n\n\t\t<\/div>\n\n\t\t\n<style>\n#section_44955626 {\n  padding-top: 75px;\n  padding-bottom: 75px;\n}\n<\/style>\n\t<\/section>\n\t\n\n\t<section class=\"section\" id=\"section_702578236\">\n\t\t<div class=\"section-bg fill\" >\n\t\t\t\t\t\t\t\t\t<div class=\"section-bg-overlay absolute fill\"><\/div>\n\t\t\t\n\n\t\t<\/div>\n\n\t\t\n\n\t\t<div class=\"section-content relative\">\n\t\t\t\n\n<div class=\"row row-collapse align-equal\"  id=\"row-205387519\">\n\n\n\t<div id=\"col-1688183608\" class=\"col medium-3 small-6 large-3\"  >\n\t\t\t\t<div class=\"col-inner\"  >\n\t\t\t\n\t\t\t\n\n\n\t\t<div class=\"icon-box featured-box icon-box-center text-center\"  >\n\t\t\t\t\t<div class=\"icon-box-img\" style=\"width: 60px\">\n\t\t\t\t<div class=\"icon\">\n\t\t\t\t\t<div class=\"icon-inner\" style=\"color:rgb(0, 130, 76);\">\n\t\t\t\t\t\t<?xml version=\"1.0\" encoding=\"UTF-8\"?>\n<svg xmlns=\"http:\/\/www.w3.org\/2000\/svg\" viewBox=\"0 0 24 24\">\n  <path d=\"M7 5V2C7 1.44772 7.44772 1 8 1H16C16.5523 1 17 1.44772 17 2V5H21C21.5523 5 22 5.44772 22 6V20C22 20.5523 21.5523 21 21 21H3C2.44772 21 2 20.5523 2 20V6C2 5.44772 2.44772 5 3 5H7ZM4 16V19H20V16H4ZM4 14H20V7H4V14ZM9 3V5H15V3H9ZM11 11H13V13H11V11Z\" fill=\"currentColor\"><\/path>\n<\/svg>\n\t\t\t\t\t<\/div>\n\t\t\t\t<\/div>\n\t\t\t<\/div>\n\t\t\t\t<div class=\"icon-box-text last-reset\">\n\t\t\t\t\t\t\t\t\t\n\n\t<div id=\"text-2182933410\" class=\"text\">\n\t\t\n\n<h3>30+<\/h3>\n<p>Ann\u00e9es de d\u00e9veloppement<\/p>\n\t\t\n<style>\n#text-2182933410 {\n  font-size: 1.25rem;\n}\n<\/style>\n\t<\/div>\n\t\n\n\t\t<\/div>\n\t<\/div>\n\t\n\t\n\n\t\t<\/div>\n\t\t\t\t\t<\/div>\n\n\t\n\n\t<div id=\"col-800478721\" class=\"col medium-3 small-6 large-3\"  >\n\t\t\t\t<div class=\"col-inner\"  >\n\t\t\t\n\t\t\t\n\n\n\t\t<div class=\"icon-box featured-box icon-box-center text-center\"  >\n\t\t\t\t\t<div class=\"icon-box-img\" style=\"width: 60px\">\n\t\t\t\t<div class=\"icon\">\n\t\t\t\t\t<div class=\"icon-inner\" style=\"color:rgb(0, 130, 76);\">\n\t\t\t\t\t\t<?xml version=\"1.0\" encoding=\"UTF-8\"?>\n<svg xmlns=\"http:\/\/www.w3.org\/2000\/svg\" viewBox=\"0 0 24 24\">\n  <path d=\"M2 13H8V21H2V13ZM16 8H22V21H16V8ZM9 3H15V21H9V3ZM4 15V19H6V15H4ZM11 5V19H13V5H11ZM18 10V19H20V10H18Z\" fill=\"currentColor\"><\/path>\n<\/svg>\n\t\t\t\t\t<\/div>\n\t\t\t\t<\/div>\n\t\t\t<\/div>\n\t\t\t\t<div class=\"icon-box-text last-reset\">\n\t\t\t\t\t\t\t\t\t\n\n\t<div id=\"text-3983049379\" class=\"text\">\n\t\t\n\n<h3>20000<\/h3>\n<p>Points de vente<\/p>\n\t\t\n<style>\n#text-3983049379 {\n  font-size: 1.25rem;\n}\n<\/style>\n\t<\/div>\n\t\n\n\t\t<\/div>\n\t<\/div>\n\t\n\t\n\n\t\t<\/div>\n\t\t\t\t\t<\/div>\n\n\t\n\n\t<div id=\"col-1030978943\" class=\"col medium-3 small-6 large-3\"  >\n\t\t\t\t<div class=\"col-inner\"  >\n\t\t\t\n\t\t\t\n\n\n\t\t<div class=\"icon-box featured-box icon-box-center text-center\"  >\n\t\t\t\t\t<div class=\"icon-box-img\" style=\"width: 60px\">\n\t\t\t\t<div class=\"icon\">\n\t\t\t\t\t<div class=\"icon-inner\" style=\"color:rgb(0, 130, 76);\">\n\t\t\t\t\t\t<?xml version=\"1.0\" encoding=\"UTF-8\"?>\n<svg xmlns=\"http:\/\/www.w3.org\/2000\/svg\" viewBox=\"0 0 24 24\">\n  <path d=\"M20 22H4C3.44772 22 3 21.5523 3 21V3C3 2.44772 3.44772 2 4 2H20C20.5523 2 21 2.44772 21 3V21C21 21.5523 20.5523 22 20 22ZM19 20V4H5V20H19ZM7 6H11V10H7V6ZM7 12H17V14H7V12ZM7 16H17V18H7V16ZM13 7H17V9H13V7Z\" fill=\"currentColor\"><\/path>\n<\/svg>\n\t\t\t\t\t<\/div>\n\t\t\t\t<\/div>\n\t\t\t<\/div>\n\t\t\t\t<div class=\"icon-box-text last-reset\">\n\t\t\t\t\t\t\t\t\t\n\n\t<div id=\"text-1252726347\" class=\"text\">\n\t\t\n\n<h3>100+<\/h3>\n<p>Accr\u00e9ditation internationale<\/p>\n\t\t\n<style>\n#text-1252726347 {\n  font-size: 1.25rem;\n}\n<\/style>\n\t<\/div>\n\t\n\n\t\t<\/div>\n\t<\/div>\n\t\n\t\n\n\t\t<\/div>\n\t\t\t\t\t<\/div>\n\n\t\n\n\t<div id=\"col-933080340\" class=\"col medium-3 small-6 large-3\"  >\n\t\t\t\t<div class=\"col-inner\"  >\n\t\t\t\n\t\t\t\n\n\n\t\t<div class=\"icon-box featured-box icon-box-center text-center\"  >\n\t\t\t\t\t<div class=\"icon-box-img\" style=\"width: 60px\">\n\t\t\t\t<div class=\"icon\">\n\t\t\t\t\t<div class=\"icon-inner\" style=\"color:rgb(0, 130, 76);\">\n\t\t\t\t\t\t<?xml version=\"1.0\" encoding=\"UTF-8\"?>\n<svg xmlns=\"http:\/\/www.w3.org\/2000\/svg\" viewBox=\"0 0 24 24\">\n  <path d=\"M6.23509 6.45329C4.85101 7.89148 4 9.84636 4 12C4 16.4183 7.58172 20 12 20C13.0808 20 14.1116 19.7857 15.0521 19.3972C15.1671 18.6467 14.9148 17.9266 14.8116 17.6746C14.582 17.115 13.8241 16.1582 12.5589 14.8308C12.2212 14.4758 12.2429 14.2035 12.3636 13.3943L12.3775 13.3029C12.4595 12.7486 12.5971 12.4209 14.4622 12.1248C15.4097 11.9746 15.6589 12.3533 16.0043 12.8777C16.0425 12.9358 16.0807 12.9928 16.1198 13.0499C16.4479 13.5297 16.691 13.6394 17.0582 13.8064C17.2227 13.881 17.428 13.9751 17.7031 14.1314C18.3551 14.504 18.3551 14.9247 18.3551 15.8472V15.9518C18.3551 16.3434 18.3168 16.6872 18.2566 16.9859C19.3478 15.6185 20 13.8854 20 12C20 8.70089 18.003 5.8682 15.1519 4.64482C14.5987 5.01813 13.8398 5.54726 13.575 5.91C13.4396 6.09538 13.2482 7.04166 12.6257 7.11976C12.4626 7.14023 12.2438 7.12589 12.012 7.11097C11.3905 7.07058 10.5402 7.01606 10.268 7.75495C10.0952 8.2232 10.0648 9.49445 10.6239 10.1543C10.7134 10.2597 10.7307 10.4547 10.6699 10.6735C10.59 10.9608 10.4286 11.1356 10.3783 11.1717C10.2819 11.1163 10.0896 10.8931 9.95938 10.7412C9.64554 10.3765 9.25405 9.92233 8.74797 9.78176C8.56395 9.73083 8.36166 9.68867 8.16548 9.64736C7.6164 9.53227 6.99443 9.40134 6.84992 9.09302C6.74442 8.8672 6.74488 8.55621 6.74529 8.22764C6.74529 7.8112 6.74529 7.34029 6.54129 6.88256C6.46246 6.70541 6.35689 6.56446 6.23509 6.45329ZM12 22C6.47715 22 2 17.5228 2 12C2 6.47715 6.47715 2 12 2C17.5228 2 22 6.47715 22 12C22 17.5228 17.5228 22 12 22Z\" fill=\"currentColor\"><\/path>\n<\/svg>\n\t\t\t\t\t<\/div>\n\t\t\t\t<\/div>\n\t\t\t<\/div>\n\t\t\t\t<div class=\"icon-box-text last-reset\">\n\t\t\t\t\t\t\t\t\t\n\n\t<div id=\"text-9133909\" class=\"text\">\n\t\t\n\n<h3>34<\/h3>\n<p>Pays du monde<\/p>\n\t\t\n<style>\n#text-9133909 {\n  font-size: 1.25rem;\n}\n<\/style>\n\t<\/div>\n\t\n\n\t\t<\/div>\n\t<\/div>\n\t\n\t\n\n\t\t<\/div>\n\t\t\t\t\t<\/div>\n\n\t\n\n<\/div>\n\n\t\t<\/div>\n\n\t\t\n<style>\n#section_702578236 {\n  padding-top: 50px;\n  padding-bottom: 50px;\n}\n#section_702578236 .section-bg-overlay {\n  background-color: rgb(243, 243, 243);\n}\n<\/style>\n\t<\/section>\n\t\n\n\t<section class=\"section\" id=\"section_374043783\">\n\t\t<div class=\"section-bg fill\" >\n\t\t\t<img loading=\"lazy\" decoding=\"async\" width=\"1920\" height=\"700\" src=\"https:\/\/mplastpipe.com\/wp-content\/uploads\/2023\/12\/MPlast-Pipe-and-Fitting-BG-2.jpg\" class=\"bg attachment-original size-original\" alt=\"MPlast Pipe and Fitting BG 2\" title=\"\">\t\t\t\t\t\t\n\t\t\t\n\n\t\t<\/div>\n\n\t\t\n\n\t\t<div class=\"section-content relative\">\n\t\t\t\n\n<div class=\"row row-small\"  id=\"row-1491475634\">\n\n\n\t<div id=\"col-153136643\" class=\"col medium-7 small-12 large-7\"  >\n\t\t\t\t<div class=\"col-inner\" style=\"background-color:rgb(255,255,255);\" >\n\t\t\t\n\t\t\t\n\n<h2>MPlast Tuyaux et raccords en PPR<\/h2>\n<p>La soci\u00e9t\u00e9 MPLAST a mis en place des certificats qui r\u00e9pondent aux exigences des normes ISO 9001 et 50001.<br>La norme ISO 9001 vise \u00e0 garantir que l&rsquo;organisation fournit en permanence des produits et des services qui r\u00e9pondent aux exigences des clients et qui sont conformes aux r\u00e9glementations en vigueur. Elle met l&rsquo;accent sur les processus d&rsquo;am\u00e9lioration continue, la satisfaction du client et la gestion efficace des ressources. <br> ISO 50001 : Cette certification t\u00e9moigne de l&rsquo;engagement de l&rsquo;entreprise \u00e0 am\u00e9liorer sa performance \u00e9nerg\u00e9tique et \u00e0 r\u00e9duire sa consommation d&rsquo;\u00e9nergie. La norme ISO 50001 fournit un cadre pour l&rsquo;\u00e9tablissement, la mise en \u0153uvre, la maintenance et l&rsquo;am\u00e9lioration d&rsquo;un syst\u00e8me de management de l&rsquo;\u00e9nergie (SM\u00c9). Elle aide les organismes \u00e0 d\u00e9velopper une approche syst\u00e9matique pour contr\u00f4ler, g\u00e9rer et am\u00e9liorer l&rsquo;efficacit\u00e9 \u00e9nerg\u00e9tique, ce qui permet de r\u00e9aliser des \u00e9conomies, de r\u00e9duire les \u00e9missions de gaz \u00e0 effet de serre et de renforcer le d\u00e9veloppement durable.  <\/p>\n<a href=\"https:\/\/mplastpipe.com\/certificates\/\" class=\"button primary expand\">\n\t\t<span>Certificats<\/span>\n\t<\/a>\n\n\n\n\t\t<\/div>\n\t\t\t\t\n<style>\n#col-153136643 > .col-inner {\n  padding: 40px 40px 40px 40px;\n}\n<\/style>\n\t<\/div>\n\n\t\n\n\t<div id=\"col-107954233\" class=\"col medium-5 small-12 large-5\"  >\n\t\t\t\t<div class=\"col-inner\"  >\n\t\t\t\n\t\t\t\n\n\n\t\t<\/div>\n\t\t\t\t\t<\/div>\n\n\t\n\n<\/div>\n\n\t\t<\/div>\n\n\t\t\n<style>\n#section_374043783 {\n  padding-top: 75px;\n  padding-bottom: 75px;\n}\n#section_374043783 .section-bg img {\n  object-position: 55% 55%;\n}\n<\/style>\n\t<\/section>\n\t\n\n","protected":false},"excerpt":{"rendered":"","protected":false},"author":1,"featured_media":0,"parent":0,"menu_order":0,"comment_status":"closed","ping_status":"closed","template":"page-transparent-header-light.php","meta":{"inline_featured_image":false,"footnotes":""},"class_list":["post-1411","page","type-page","status-publish","hentry"],"_links":{"self":[{"href":"https:\/\/mplastpipe.com\/fr\/wp-json\/wp\/v2\/pages\/1411","targetHints":{"allow":["GET"]}}],"collection":[{"href":"https:\/\/mplastpipe.com\/fr\/wp-json\/wp\/v2\/pages"}],"about":[{"href":"https:\/\/mplastpipe.com\/fr\/wp-json\/wp\/v2\/types\/page"}],"author":[{"embeddable":true,"href":"https:\/\/mplastpipe.com\/fr\/wp-json\/wp\/v2\/users\/1"}],"replies":[{"embeddable":true,"href":"https:\/\/mplastpipe.com\/fr\/wp-json\/wp\/v2\/comments?post=1411"}],"version-history":[{"count":1,"href":"https:\/\/mplastpipe.com\/fr\/wp-json\/wp\/v2\/pages\/1411\/revisions"}],"predecessor-version":[{"id":1412,"href":"https:\/\/mplastpipe.com\/fr\/wp-json\/wp\/v2\/pages\/1411\/revisions\/1412"}],"wp:attachment":[{"href":"https:\/\/mplastpipe.com\/fr\/wp-json\/wp\/v2\/media?parent=1411"}],"curies":[{"name":"wp","href":"https:\/\/api.w.org\/{rel}","templated":true}]}}