{"id":1599,"date":"2024-01-24T13:30:43","date_gmt":"2024-01-24T13:30:43","guid":{"rendered":"https:\/\/mplastpipe.com\/urun\/tube-pe-rt-5-couches-avec-barriere-a-loxygene\/"},"modified":"2024-01-24T13:30:43","modified_gmt":"2024-01-24T13:30:43","slug":"tube-pe-rt-5-couches-avec-barriere-a-loxygene","status":"publish","type":"product","link":"https:\/\/mplastpipe.com\/fr\/urun\/tube-pe-rt-5-couches-avec-barriere-a-loxygene\/","title":{"rendered":"Tube PE- RT 5 couches avec barri\u00e8re \u00e0 l&rsquo;oxyg\u00e8ne"},"content":{"rendered":"<p><img loading=\"lazy\" decoding=\"async\" class=\"wp-image-541 size-full\" src=\"https:\/\/mplastpipe.com\/wp-content\/uploads\/2024\/01\/PERT-present-01-scaled.jpg\" alt=\"Description des tuyaux PERT\" width=\"2560\" height=\"1810\" title=\"\" srcset=\"https:\/\/mplastpipe.com\/wp-content\/uploads\/2024\/01\/PERT-present-01-scaled.jpg 2560w, https:\/\/mplastpipe.com\/wp-content\/uploads\/2024\/01\/PERT-present-01-300x212.jpg 300w, https:\/\/mplastpipe.com\/wp-content\/uploads\/2024\/01\/PERT-present-01-1024x724.jpg 1024w, https:\/\/mplastpipe.com\/wp-content\/uploads\/2024\/01\/PERT-present-01-768x543.jpg 768w, https:\/\/mplastpipe.com\/wp-content\/uploads\/2024\/01\/PERT-present-01-1536x1086.jpg 1536w, https:\/\/mplastpipe.com\/wp-content\/uploads\/2024\/01\/PERT-present-01-2048x1448.jpg 2048w, https:\/\/mplastpipe.com\/wp-content\/uploads\/2024\/01\/PERT-present-01-600x424.jpg 600w\" sizes=\"auto, (max-width: 2560px) 100vw, 2560px\" \/><\/p>\n","protected":false},"excerpt":{"rendered":"<table>\n<tbody>\n<tr bgcolor=\"#00a35f\">\n<th style=\"color: #fff; text-align: center;\">Code<\/th>\n<th style=\"color: #fff; text-align: center;\">D, mm<\/th>\n<th style=\"color: #fff; text-align: center;\">Longueur standard (M)<\/th>\n<\/tr>\n<tr>\n<td style=\"text-align: center;\">PE5.16\u0421S35<\/td>\n<td style=\"text-align: center;\">16 \u0445 2.00\u043c\u043c<\/td>\n<td style=\"text-align: center;\">200<\/td>\n<\/tr>\n<tr>\n<td style=\"text-align: center;\">PE5.20\u0421S35<\/td>\n<td style=\"text-align: center;\">20 \u0445 2.00\u043c\u043c<\/td>\n<td style=\"text-align: center;\">200<\/td>\n<\/tr>\n<tr>\n<td style=\"text-align: center;\">PE3.25CS35<\/td>\n<td style=\"text-align: center;\">25 \u0445 2,00\u043c\u043c<\/td>\n<td style=\"text-align: center;\">200<\/td>\n<\/tr>\n<\/tbody>\n<\/table>\n<p>Couleurs: <img loading=\"lazy\" decoding=\"async\" class=\"alignnone wp-image-334 size-medium\" src=\"https:\/\/tolgahan.sobesoftweb.com\/mplast\/wp-content\/uploads\/2024\/01\/Colors-300x62.png\" alt=\"\" width=\"300\" height=\"62\" srcset=\"https:\/\/mplastpipe.com\/wp-content\/uploads\/2024\/01\/Colors-300x62.png 300w, https:\/\/mplastpipe.com\/wp-content\/uploads\/2024\/01\/Colors.png 340w\" sizes=\"auto, (max-width: 300px) 100vw, 300px\" \/><\/p>\n","protected":false},"featured_media":1195,"comment_status":"open","ping_status":"closed","template":"","meta":{"inline_featured_image":false},"product_brand":[],"product_cat":[39],"product_tag":[],"class_list":{"0":"post-1599","1":"product","2":"type-product","3":"status-publish","4":"has-post-thumbnail","6":"product_cat-tubes-multicouches-pe-rt","8":"first","9":"instock","10":"shipping-taxable","11":"product-type-simple"},"_links":{"self":[{"href":"https:\/\/mplastpipe.com\/fr\/wp-json\/wp\/v2\/product\/1599","targetHints":{"allow":["GET"]}}],"collection":[{"href":"https:\/\/mplastpipe.com\/fr\/wp-json\/wp\/v2\/product"}],"about":[{"href":"https:\/\/mplastpipe.com\/fr\/wp-json\/wp\/v2\/types\/product"}],"replies":[{"embeddable":true,"href":"https:\/\/mplastpipe.com\/fr\/wp-json\/wp\/v2\/comments?post=1599"}],"wp:featuredmedia":[{"embeddable":true,"href":"https:\/\/mplastpipe.com\/fr\/wp-json\/wp\/v2\/media\/1195"}],"wp:attachment":[{"href":"https:\/\/mplastpipe.com\/fr\/wp-json\/wp\/v2\/media?parent=1599"}],"wp:term":[{"taxonomy":"product_brand","embeddable":true,"href":"https:\/\/mplastpipe.com\/fr\/wp-json\/wp\/v2\/product_brand?post=1599"},{"taxonomy":"product_cat","embeddable":true,"href":"https:\/\/mplastpipe.com\/fr\/wp-json\/wp\/v2\/product_cat?post=1599"},{"taxonomy":"product_tag","embeddable":true,"href":"https:\/\/mplastpipe.com\/fr\/wp-json\/wp\/v2\/product_tag?post=1599"}],"curies":[{"name":"wp","href":"https:\/\/api.w.org\/{rel}","templated":true}]}}