{"id":1392,"date":"2023-12-21T09:05:16","date_gmt":"2023-12-21T09:05:16","guid":{"rendered":"https:\/\/mplastpipe.com\/%d0%b3%d0%bb%d0%b0%d0%b2%d0%bd%d0%b0%d1%8f\/"},"modified":"2024-11-19T10:05:59","modified_gmt":"2024-11-19T10:05:59","slug":"%d0%b3%d0%bb%d0%b0%d0%b2%d0%bd%d0%b0%d1%8f","status":"publish","type":"page","link":"https:\/\/mplastpipe.com\/ru\/","title":{"rendered":"\u0413\u043b\u0430\u0432\u043d\u0430\u044f"},"content":{"rendered":"\n\n\t<section class=\"section\" id=\"section_1711213567\">\n\t\t<div class=\"section-bg fill\" >\n\t\t\t\t\t\t\t\t\t\n\t\t\t\n\n\t\t<\/div>\n\n\t\t\n\n\t\t<div class=\"section-content relative\">\n\t\t\t\n\n<div class=\"slider-wrapper relative\" id=\"slider-659712639\" >\n    <div class=\"slider slider-nav-circle slider-nav-large slider-nav-light slider-style-normal\"\n        data-flickity-options='{\n            \"cellAlign\": \"center\",\n            \"imagesLoaded\": true,\n            \"lazyLoad\": 1,\n            \"freeScroll\": false,\n            \"wrapAround\": true,\n            \"autoPlay\": 6000,\n            \"pauseAutoPlayOnHover\" : true,\n            \"prevNextButtons\": true,\n            \"contain\" : true,\n            \"adaptiveHeight\" : true,\n            \"dragThreshold\" : 10,\n            \"percentPosition\": true,\n            \"pageDots\": true,\n            \"rightToLeft\": false,\n            \"draggable\": true,\n            \"selectedAttraction\": 0.1,\n            \"parallax\" : 0,\n            \"friction\": 0.6        }'\n        >\n        \n\n\n  <div class=\"banner has-hover has-video is-full-height\" id=\"banner-1867343923\">\n          <div class=\"banner-inner fill\">\n        <div class=\"banner-bg fill\" >\n                        \t<div class=\"video-overlay no-click fill visible\"><\/div>\n\t<video class=\"video-bg fill visible\" preload playsinline autoplay muted loop>\n\t\t<source src=\"https:\/\/mplastpipe.com\/wp-content\/uploads\/2024\/11\/WhatsApp-Video-2024-10-23-saat-12.02.27_9686cf6c.mp4\" type=\"video\/mp4\">\t<\/video>\n            <div class=\"overlay\"><\/div>            \n                    <\/div>\n\t\t\n        <div class=\"banner-layers container\">\n            <div class=\"fill banner-link\"><\/div>            \n\n   <div id=\"text-box-912890203\" class=\"text-box banner-layer x50 md-x50 lg-x50 y50 md-y50 lg-y50 res-text\">\n                                <div class=\"text-box-content text dark\">\n              \n              <div class=\"text-inner text-center\">\n                  \n\n\n              <\/div>\n           <\/div>\n                            \n<style>\n#text-box-912890203 {\n  width: 60%;\n}\n#text-box-912890203 .text-box-content {\n  font-size: 100%;\n}\n@media (min-width:550px) {\n  #text-box-912890203 {\n    width: 60%;\n  }\n}\n<\/style>\n    <\/div>\n \n\n        <\/div>\n      <\/div>\n\n            \n<style>\n#banner-1867343923 {\n  padding-top: 100%;\n  background-color: #0d1553;\n}\n#banner-1867343923 .overlay {\n  background-color: rgba(0, 0, 0, 0.295);\n}\n@media (min-width:550px) {\n  #banner-1867343923 {\n    padding-top: 100%;\n  }\n}\n<\/style>\n  <\/div>\n\n\n\n  <div class=\"banner has-hover is-full-height\" id=\"banner-1316452144\">\n          <div class=\"banner-inner fill\">\n        <div class=\"banner-bg fill\" >\n            <img loading=\"lazy\" decoding=\"async\" width=\"1920\" height=\"1080\" src=\"https:\/\/mplastpipe.com\/wp-content\/uploads\/2023\/12\/MPlast-Pipes-and-Fitting.jpg\" class=\"bg attachment-original size-original\" alt=\"MPlast Pipes and Fitting\" title=\"\">                        <div class=\"overlay\"><\/div>            \n                    <\/div>\n\t\t\n        <div class=\"banner-layers container\">\n            <div class=\"fill banner-link\"><\/div>            \n\n   <div id=\"text-box-2025397718\" class=\"text-box banner-layer x50 md-x50 lg-x50 y50 md-y50 lg-y50 res-text\">\n                                <div class=\"text-box-content text dark\">\n              \n              <div class=\"text-inner text-center\">\n                  \n\n<h1 class=\"uppercase\" style=\"font-size: 2em;\"><strong>MPLAST PPR P\u0131pe and F\u0131tt\u0131ngs<br \/>\n<\/strong><\/h1>\n<p>PPR Pipes and Fittings Smart Solution for Water Distrubution<\/p>\n<a href=\"https:\/\/mplastpipe.com\/ppr-pipe-and-fittings\/\" class=\"button primary\"  style=\"border-radius:5px;\">\n\t\t<span>Browse Products<\/span>\n\t<\/a>\n\n\n\n              <\/div>\n           <\/div>\n                            \n<style>\n#text-box-2025397718 {\n  width: 60%;\n}\n#text-box-2025397718 .text-box-content {\n  font-size: 100%;\n}\n<\/style>\n    <\/div>\n \n\n        <\/div>\n      <\/div>\n\n            \n<style>\n#banner-1316452144 {\n  padding-top: 100%;\n  background-color: #0d1553;\n}\n#banner-1316452144 .overlay {\n  background-color: rgba(0, 0, 0, 0.295);\n}\n<\/style>\n  <\/div>\n\n\n\n  <div class=\"banner has-hover is-full-height\" id=\"banner-1833674580\">\n          <div class=\"banner-inner fill\">\n        <div class=\"banner-bg fill\" >\n            <img loading=\"lazy\" decoding=\"async\" width=\"1920\" height=\"1090\" src=\"https:\/\/mplastpipe.com\/wp-content\/uploads\/2024\/01\/Multilayer-PE-RT-Pipes-Banner.jpg\" class=\"bg attachment-original size-original\" alt=\"\" title=\"\">                        <div class=\"overlay\"><\/div>            \n                    <\/div>\n\t\t\n        <div class=\"banner-layers container\">\n            <div class=\"fill banner-link\"><\/div>            \n\n   <div id=\"text-box-850490503\" class=\"text-box banner-layer x50 md-x50 lg-x50 y50 md-y50 lg-y50 res-text\">\n                                <div class=\"text-box-content text dark\">\n              \n              <div class=\"text-inner text-center\">\n                  \n\n<h2 class=\"uppercase\"><strong>PE-RT Mult\u0131layer P\u0131pes<br \/>\n<\/strong><\/h2>\n<p>PE-RT 5-Layer Oxygen Barrier Pipes are designed for use in underfloor heating systems, offering superior durability and performance. Their 5-layer structure provides excellent resistance to oxygen diffusion, ensuring the long-term integrity of your heating system. Trust PE-RT 5-Layer Oxygen Barrier Pipes for reliable, efficient underfloor heating solutions.<\/p>\n<a href=\"https:\/\/mplastpipe.com\/multilayer-pe-rt-pipes\/\" class=\"button primary\"  style=\"border-radius:5px;\">\n\t\t<span>Browse Products<\/span>\n\t<\/a>\n\n\n\n              <\/div>\n           <\/div>\n                            \n<style>\n#text-box-850490503 {\n  width: 84%;\n}\n#text-box-850490503 .text-box-content {\n  font-size: 100%;\n}\n<\/style>\n    <\/div>\n \n\n        <\/div>\n      <\/div>\n\n            \n<style>\n#banner-1833674580 {\n  padding-top: 100%;\n  background-color: #0d1553;\n}\n#banner-1833674580 .overlay {\n  background-color: rgba(0, 0, 0, 0.19);\n}\n#banner-1833674580 .banner-bg img {\n  object-position: 56% 18%;\n}\n<\/style>\n  <\/div>\n\n\n\n  <div class=\"banner has-hover is-full-height\" id=\"banner-1401346264\">\n          <div class=\"banner-inner fill\">\n        <div class=\"banner-bg fill\" >\n            <img loading=\"lazy\" decoding=\"async\" width=\"1920\" height=\"1090\" src=\"https:\/\/mplastpipe.com\/wp-content\/uploads\/2024\/01\/Banner-BG.jpg\" class=\"bg attachment-original size-original\" alt=\"Banner BG\" title=\"\">                        <div class=\"overlay\"><\/div>            \n                    <\/div>\n\t\t\n        <div class=\"banner-layers container\">\n            <div class=\"fill banner-link\"><\/div>            \n\n   <div id=\"text-box-784840398\" class=\"text-box banner-layer x50 md-x50 lg-x50 y50 md-y50 lg-y50 res-text\">\n                                <div class=\"text-box-content text dark\">\n              \n              <div class=\"text-inner text-center\">\n                  \n\n\t<div id=\"text-2127554363\" class=\"text\">\n\t\t\n\n<p>The hygienic evaluation of our polypropylene pipes proves<br \/>\nthat they do not disturb the odour and taste of water for<br \/>\nhuman consumption, do not cause turbidity, change of color<br \/>\n(transparency)\u00a0or\u00a0sludge.<\/p>\n\t\t\n<style>\n#text-2127554363 {\n  color: rgb(255, 255, 255);\n}\n#text-2127554363 > * {\n  color: rgb(255, 255, 255);\n}\n<\/style>\n\t<\/div>\n\t\n\n              <\/div>\n           <\/div>\n                            \n<style>\n#text-box-784840398 {\n  width: 60%;\n}\n#text-box-784840398 .text-box-content {\n  font-size: 100%;\n}\n<\/style>\n    <\/div>\n \n\n        <\/div>\n      <\/div>\n\n            \n<style>\n#banner-1401346264 {\n  padding-top: 100%;\n  background-color: #0d1553;\n}\n#banner-1401346264 .overlay {\n  background-color: rgba(5, 5, 5, 0.3);\n}\n#banner-1401346264 .banner-bg img {\n  object-position: 70% 31%;\n}\n<\/style>\n  <\/div>\n\n\n\n  <div class=\"banner has-hover is-full-height\" id=\"banner-547308616\">\n          <div class=\"banner-inner fill\">\n        <div class=\"banner-bg fill\" >\n            <img loading=\"lazy\" decoding=\"async\" width=\"1920\" height=\"1090\" src=\"https:\/\/mplastpipe.com\/wp-content\/uploads\/2024\/01\/PPR-Pipes.jpg\" class=\"bg attachment-original size-original\" alt=\"\" title=\"\">                        <div class=\"overlay\"><\/div>            \n                    <\/div>\n\t\t\n        <div class=\"banner-layers container\">\n            <div class=\"fill banner-link\"><\/div>            \n\n   <div id=\"text-box-1291263187\" class=\"text-box banner-layer x50 md-x50 lg-x50 y50 md-y50 lg-y50 res-text\">\n                                <div class=\"text-box-content text dark\">\n              \n              <div class=\"text-inner text-center\">\n                  \n\n\t<div id=\"text-2887637801\" class=\"text\">\n\t\t\n\n<h3 class=\"uppercase\"><strong>European h\u0131gh qual\u0131ty<br \/>PP-R PIPES and F\u0131tt\u0131ngs<br \/>\n<\/strong><\/h3>\n\t\t\n<style>\n#text-2887637801 {\n  color: rgb(255, 255, 255);\n}\n#text-2887637801 > * {\n  color: rgb(255, 255, 255);\n}\n<\/style>\n\t<\/div>\n\t\n\n              <\/div>\n           <\/div>\n                            \n<style>\n#text-box-1291263187 {\n  width: 60%;\n}\n#text-box-1291263187 .text-box-content {\n  font-size: 100%;\n}\n<\/style>\n    <\/div>\n \n\n        <\/div>\n      <\/div>\n\n            \n<style>\n#banner-547308616 {\n  padding-top: 100%;\n  background-color: #0d1553;\n}\n#banner-547308616 .overlay {\n  background-color: rgba(5, 5, 5, 0.3);\n}\n#banner-547308616 .banner-bg img {\n  object-position: 70% 31%;\n}\n<\/style>\n  <\/div>\n\n\n\n  <div class=\"banner has-hover is-full-height\" id=\"banner-1117516571\">\n          <div class=\"banner-inner fill\">\n        <div class=\"banner-bg fill\" >\n            <img loading=\"lazy\" decoding=\"async\" width=\"1920\" height=\"1390\" src=\"https:\/\/mplastpipe.com\/wp-content\/uploads\/2024\/02\/PE-RT-Pipes.jpg\" class=\"bg attachment-original size-original\" alt=\"\" title=\"\">                        <div class=\"overlay\"><\/div>            \n                    <\/div>\n\t\t\n        <div class=\"banner-layers container\">\n            <div class=\"fill banner-link\"><\/div>            \n\n   <div id=\"text-box-50481802\" class=\"text-box banner-layer x50 md-x50 lg-x50 y50 md-y50 lg-y50 res-text\">\n                                <div class=\"text-box-content text dark\">\n              \n              <div class=\"text-inner text-center\">\n                  \n\n<h2 class=\"uppercase\" style=\"font-size: 2em;\"><strong>PE-RT 5 Layer Oxygen Barr\u0131er<br \/>\n<\/strong><\/h2>\n<p>PE-RT 5-Layer Oxygen Barrier Pipes are designed for use in underfloor heating systems, offering superior durability and performance. Their 5-layer structure provides excellent resistance to oxygen diffusion, ensuring the long-term integrity of your heating system. Trust PE-RT 5-Layer Oxygen Barrier Pipes for reliable, efficient underfloor heating solutions.<\/p>\n<a href=\"https:\/\/mplastpipe.com\/multilayer-pe-rt-pipes\/\" class=\"button primary\"  style=\"border-radius:5px;\">\n\t\t<span>Browse Products<\/span>\n\t<\/a>\n\n\n\n              <\/div>\n           <\/div>\n                            \n<style>\n#text-box-50481802 {\n  width: 86%;\n}\n#text-box-50481802 .text-box-content {\n  font-size: 100%;\n}\n<\/style>\n    <\/div>\n \n\n        <\/div>\n      <\/div>\n\n            \n<style>\n#banner-1117516571 {\n  padding-top: 100%;\n  background-color: #0d1553;\n}\n#banner-1117516571 .overlay {\n  background-color: rgba(0, 0, 0, 0.295);\n}\n<\/style>\n  <\/div>\n\n\n\n     <\/div>\n\n     <div class=\"loading-spin dark large centered\"><\/div>\n\n\t<\/div>\n\n\n\n\t\t<\/div>\n\n\t\t\n<style>\n#section_1711213567 {\n  padding-top: 0px;\n  padding-bottom: 0px;\n}\n<\/style>\n\t<\/section>\n\t\n\n\t<section class=\"section\" id=\"section_1124538792\">\n\t\t<div class=\"section-bg fill\" >\n\t\t\t\t\t\t\t\t\t\n\t\t\t\n\n\t\t<\/div>\n\n\t\t\n\n\t\t<div class=\"section-content relative\">\n\t\t\t\n\n<div class=\"row\"  id=\"row-92911117\">\n\n\n\t<div id=\"col-244296746\" class=\"col medium-5 small-12 large-5\"  >\n\t\t\t\t<div class=\"col-inner\"  >\n\t\t\t\n\t\t\t\n\n\t<div class=\"img has-hover x md-x lg-x y md-y lg-y\" id=\"image_1511627381\">\n\t\t\t\t\t\t\t\t<div class=\"img-inner dark\" >\n\t\t\t<img loading=\"lazy\" decoding=\"async\" width=\"570\" height=\"835\" src=\"https:\/\/mplastpipe.com\/wp-content\/uploads\/2024\/02\/MPlast-PPR-Pipe-and-Fittings-PE-RT-Pipes.png\" class=\"attachment-original size-original\" alt=\"\" srcset=\"https:\/\/mplastpipe.com\/wp-content\/uploads\/2024\/02\/MPlast-PPR-Pipe-and-Fittings-PE-RT-Pipes.png 570w, https:\/\/mplastpipe.com\/wp-content\/uploads\/2024\/02\/MPlast-PPR-Pipe-and-Fittings-PE-RT-Pipes-205x300.png 205w\" sizes=\"auto, (max-width: 570px) 100vw, 570px\" title=\"\">\t\t\t\t\t\t\n\t\t\t\t\t<\/div>\n\t\t\t\t\t\t\t\t\n<style>\n#image_1511627381 {\n  width: 100%;\n}\n<\/style>\n\t<\/div>\n\t\n\n\n\t\t<\/div>\n\t\t\t\t\t<\/div>\n\n\t\n\n\t<div id=\"col-937247586\" class=\"col medium-7 small-12 large-7\"  >\n\t\t\t\t<div class=\"col-inner\"  >\n\t\t\t\n\t\t\t\n\n<div class=\"container section-title-container\" style=\"margin-bottom:5px;\"><h4 class=\"section-title section-title-normal\"><b><\/b><span class=\"section-title-main\" >About Us<\/span><b><\/b><\/h4><\/div>\n\n<h2 class=\"\"><strong>MPlast<br \/><\/strong><\/h2>\n<p>MPLAST Bulgaria, a prominent industry leader, specializes in the production of PPR pipes and fittings designed for water supply and heating installations, sewerage systems, and various other plastic articles. The introduction of innovative products like Multilayer PE-RT Pipes has further enhanced the company\u2019s standing in the market.<\/p>\n<p>With a commitment to manufacturing excellence, MPLAST has successfully solidified its position in the industry, gaining a competitive edge through the exceptional quality of its products, an extensive product range, competitive pricing, and efficient delivery schedules. The MPLAST trademark, established in 2003, swiftly emerged as a benchmark for quality, easily recognizable and highly favored by our discerning customers.<\/p>\n<p>As a testament to our commitment to excellence, MPLAST has forged strong collaborations with numerous partners both within Bulgaria and internationally. Currently, the company has a significant presence in markets across Africa, Asia, and Europe, underscoring our dedication to delivering top-notch products and services on a global scale..<\/p>\n<a href=\"https:\/\/mplastpipe.com\/about-us\/\" class=\"button primary\"  style=\"border-radius:5px;\">\n\t\t<span>About Us<\/span>\n\t<\/a>\n\n\n\n\t\t<\/div>\n\t\t\t\t\t<\/div>\n\n\t\n\n<\/div>\n\n\t\t<\/div>\n\n\t\t\n<style>\n#section_1124538792 {\n  padding-top: 75px;\n  padding-bottom: 75px;\n}\n<\/style>\n\t<\/section>\n\t\n\n\t<section class=\"section\" id=\"section_642908634\">\n\t\t<div class=\"section-bg fill\" >\n\t\t\t<img loading=\"lazy\" decoding=\"async\" width=\"1920\" height=\"700\" src=\"https:\/\/mplastpipe.com\/wp-content\/uploads\/2023\/12\/PPR-Pipe-And-Fitting.jpg\" class=\"bg attachment-original size-original\" alt=\"PPR Pipe And Fitting\" title=\"\">\t\t\t\t\t\t<div class=\"section-bg-overlay absolute fill\"><\/div>\n\t\t\t\n\n\t\t<\/div>\n\n\t\t\n\n\t\t<div class=\"section-content relative\">\n\t\t\t\n\n<div class=\"row\"  id=\"row-1087827982\">\n\n\n\t<div id=\"col-1374496190\" class=\"col small-12 large-12\"  >\n\t\t\t\t<div class=\"col-inner text-center\"  >\n\t\t\t\n\t\t\t\n\n\t<div id=\"text-1907187319\" class=\"text\">\n\t\t\n\n<h5 style=\"text-align: center;\">OUR ACTIVITY IS FOCUSED ON 2 PRODUCT LINES<\/h5>\n\t\t\n<style>\n#text-1907187319 {\n  color: rgb(255, 255, 255);\n}\n#text-1907187319 > * {\n  color: rgb(255, 255, 255);\n}\n<\/style>\n\t<\/div>\n\t\n\t<div id=\"text-231242263\" class=\"text\">\n\t\t\n\n<p>MPlast PPR Pipe and Fittings and Multilayer PE-RT Pipes<\/p>\n\t\t\n<style>\n#text-231242263 {\n  font-size: 1.75rem;\n  text-align: center;\n  color: rgb(255, 255, 255);\n}\n#text-231242263 > * {\n  color: rgb(255, 255, 255);\n}\n<\/style>\n\t<\/div>\n\t\n<a class=\"button primary\"  style=\"border-radius:5px;\">\n\t\t<span>All Products<\/span>\n\t<\/a>\n\n\n\n\t\t<\/div>\n\t\t\t\t\n<style>\n#col-1374496190 > .col-inner {\n  padding: 0px 0px 0px 0px;\n  margin: 0px 0px -30px 0px;\n}\n<\/style>\n\t<\/div>\n\n\t\n\n<\/div>\n\n\t\t<\/div>\n\n\t\t\n<style>\n#section_642908634 {\n  padding-top: 100px;\n  padding-bottom: 100px;\n}\n#section_642908634 .section-bg-overlay {\n  background-color: rgba(0, 0, 0, 0.295);\n}\n#section_642908634 .section-bg img {\n  object-position: 26% 65%;\n}\n<\/style>\n\t<\/section>\n\t\n\n\t<section class=\"section\" id=\"section_1547931865\">\n\t\t<div class=\"section-bg fill\" >\n\t\t\t\t\t\t\t\t\t\n\t\t\t\n\n\t\t<\/div>\n\n\t\t\n\n\t\t<div class=\"section-content relative\">\n\t\t\t\n\n<div class=\"row\"  id=\"row-1820685600\">\n\n\n\t<div id=\"col-1109522312\" class=\"col small-12 large-12\"  >\n\t\t\t\t<div class=\"col-inner\"  >\n\t\t\t\n\t\t\t\n\n\n  \n    <div class=\"row large-columns-2 medium-columns- small-columns- row-small\" >\n  <div class=\"product-category col\" >\n            <div class=\"col-inner\">\n              <a aria-label=\"\u041f\u043e\u0441\u0435\u0442\u0438\u0442\u0435 \u043a\u0430\u0442\u0435\u0433\u043e\u0440\u0438\u044e \u0442\u043e\u0432\u0430\u0440\u0430 \u041c\u043d\u043e\u0433\u043e\u0441\u043b\u043e\u0439\u043d\u044b\u0435 \u0442\u0440\u0443\u0431\u044b PE-RT\" href=\"https:\/\/mplastpipe.com\/ru\/urun-kategori\/%d0%bc%d0%bd%d0%be%d0%b3%d0%be%d1%81%d0%bb%d0%be%d0%b9%d0%bd%d1%8b%d0%b5-%d1%82%d1%80%d1%83%d0%b1%d1%8b-pe-rt\/\">                <div class=\"box box-category has-hover box-overlay dark \">\n                <div class=\"box-image\" >\n                  <div class=\"\" >\n                  <img loading=\"lazy\" decoding=\"async\" src=\"https:\/\/mplastpipe.com\/wp-content\/uploads\/2024\/02\/PP-R-Pipe-and-Fittings-Category.jpg\" alt=\"\u041c\u043d\u043e\u0433\u043e\u0441\u043b\u043e\u0439\u043d\u044b\u0435 \u0442\u0440\u0443\u0431\u044b PE-RT\" width=\"300\" height=\"300\" title=\"\">                  <div class=\"overlay\" style=\"background-color: 1\"><\/div>                                    <\/div>\n                <\/div>\n                <div class=\"box-text text-center\" >\n                  <div class=\"box-text-inner\">\n                      <h5 class=\"uppercase header-title\">\n                              \u041c\u043d\u043e\u0433\u043e\u0441\u043b\u043e\u0439\u043d\u044b\u0435 \u0442\u0440\u0443\u0431\u044b PE-RT                      <\/h5>\n                                            <p class=\"is-xsmall uppercase count show-on-hover hover-reveal reveal-small\">\n\t                      4 \u0422\u043e\u0432\u0430\u0440\u044b                      <\/p>\n                                            \n                  <\/div>\n                <\/div>\n                <\/div>\n            <\/a>            <\/div>\n            <\/div><div class=\"product-category col\" >\n            <div class=\"col-inner\">\n              <a aria-label=\"\u041f\u043e\u0441\u0435\u0442\u0438\u0442\u0435 \u043a\u0430\u0442\u0435\u0433\u043e\u0440\u0438\u044e \u0442\u043e\u0432\u0430\u0440\u0430 \u0422\u0440\u0443\u0431\u044b \u0438 \u0444\u0438\u0442\u0438\u043d\u0433\u0438 PPR\" href=\"https:\/\/mplastpipe.com\/ru\/urun-kategori\/%d1%82%d1%80%d1%83%d0%b1%d1%8b-%d0%b8-%d1%84%d0%b8%d1%82%d0%b8%d0%bd%d0%b3%d0%b8-ppr\/\">                <div class=\"box box-category has-hover box-overlay dark \">\n                <div class=\"box-image\" >\n                  <div class=\"\" >\n                  <img loading=\"lazy\" decoding=\"async\" src=\"https:\/\/mplastpipe.com\/wp-content\/uploads\/2024\/02\/PE-RT-Pipes-Category.jpg\" alt=\"\u0422\u0440\u0443\u0431\u044b \u0438 \u0444\u0438\u0442\u0438\u043d\u0433\u0438 PPR\" width=\"300\" height=\"300\" title=\"\">                  <div class=\"overlay\" style=\"background-color: 1\"><\/div>                                    <\/div>\n                <\/div>\n                <div class=\"box-text text-center\" >\n                  <div class=\"box-text-inner\">\n                      <h5 class=\"uppercase header-title\">\n                              \u0422\u0440\u0443\u0431\u044b \u0438 \u0444\u0438\u0442\u0438\u043d\u0433\u0438 PPR                      <\/h5>\n                                            <p class=\"is-xsmall uppercase count show-on-hover hover-reveal reveal-small\">\n\t                      57 \u0422\u043e\u0432\u0430\u0440\u044b                      <\/p>\n                                            \n                  <\/div>\n                <\/div>\n                <\/div>\n            <\/a>            <\/div>\n            <\/div><\/div>\n\n\n\t\t<\/div>\n\t\t\t\t\t<\/div>\n\n\t\n\n<\/div>\n\n\t\t<\/div>\n\n\t\t\n<style>\n#section_1547931865 {\n  padding-top: 100px;\n  padding-bottom: 100px;\n}\n<\/style>\n\t<\/section>\n\t\n<div class=\"row row-collapse row-full-width\"  id=\"row-576144971\">\n\n\n\t<div id=\"col-287028418\" class=\"col small-12 large-12\"  >\n\t\t\t\t<div class=\"col-inner\"  >\n\t\t\t\n\t\t\t\n\n\n  <div class=\"banner has-hover\" id=\"banner-1175865488\">\n          <div class=\"banner-inner fill\">\n        <div class=\"banner-bg fill\" >\n            <img loading=\"lazy\" decoding=\"async\" width=\"1920\" height=\"700\" src=\"https:\/\/mplastpipe.com\/wp-content\/uploads\/2023\/12\/MPlast-Pipes-and-Fitting-BG-2-min.jpg\" class=\"bg attachment-original size-original\" alt=\"MPlast Pipes and Fitting BG\" title=\"\">                        <div class=\"overlay\"><\/div>            \n                    <\/div>\n\t\t\n        <div class=\"banner-layers container\">\n            <div class=\"fill banner-link\"><\/div>            \n\n   <div id=\"text-box-1873570934\" class=\"text-box banner-layer x50 md-x50 lg-x50 y50 md-y50 lg-y50 res-text\">\n                                <div class=\"text-box-content text dark\">\n              \n              <div class=\"text-inner text-center\">\n                  \n\n\n              <\/div>\n           <\/div>\n                            \n<style>\n#text-box-1873570934 {\n  width: 60%;\n}\n#text-box-1873570934 .text-box-content {\n  font-size: 100%;\n}\n@media (min-width:550px) {\n  #text-box-1873570934 {\n    width: 60%;\n  }\n}\n<\/style>\n    <\/div>\n \n\n        <\/div>\n      <\/div>\n\n            \n<style>\n#banner-1175865488 {\n  padding-top: 500px;\n}\n#banner-1175865488 .overlay {\n  background-color: rgba(0, 0, 0, 0.295);\n}\n#banner-1175865488 .banner-bg img {\n  object-position: 50% 53%;\n}\n<\/style>\n  <\/div>\n\n\n\n\t\t<\/div>\n\t\t\t\t\t<\/div>\n\n\t\n\n<\/div>\n\n\t<section class=\"section\" id=\"section_1660190497\">\n\t\t<div class=\"section-bg fill\" >\n\t\t\t\t\t\t\t\t\t\n\t\t\t\n\n\t\t<\/div>\n\n\t\t\n\n\t\t<div class=\"section-content relative\">\n\t\t\t\n\n<div class=\"row\"  id=\"row-301032287\">\n\n\n\t<div id=\"col-771113782\" class=\"col small-12 large-12\"  >\n\t\t\t\t<div class=\"col-inner\"  >\n\t\t\t\n\t\t\t\n\n<div class=\"container section-title-container\" style=\"margin-bottom:5px;\"><h4 class=\"section-title section-title-center\"><b><\/b><span class=\"section-title-main\" >News<\/span><b><\/b><\/h4><\/div>\n\n\t<div id=\"text-4056259625\" class=\"text\">\n\t\t\n\n<h2 class=\"\"><strong>Latest News<br \/>\n<\/strong><\/h2>\n\t\t\n<style>\n#text-4056259625 {\n  text-align: center;\n}\n<\/style>\n\t<\/div>\n\t\n\n\t\t<\/div>\n\t\t\t\t\t<\/div>\n\n\t\n\n<\/div>\n\n  \n    <div class=\"row large-columns-3 medium-columns-1 small-columns-1 has-shadow row-box-shadow-1 slider row-slider slider-nav-reveal slider-nav-push\"  data-flickity-options='{&quot;imagesLoaded&quot;: true, &quot;groupCells&quot;: &quot;100%&quot;, &quot;dragThreshold&quot; : 5, &quot;cellAlign&quot;: &quot;left&quot;,&quot;wrapAround&quot;: true,&quot;prevNextButtons&quot;: true,&quot;percentPosition&quot;: true,&quot;pageDots&quot;: false, &quot;rightToLeft&quot;: false, &quot;autoPlay&quot; : false}' >\n\n  <\/div>\n\n\n\t\t<\/div>\n\n\t\t\n<style>\n#section_1660190497 {\n  padding-top: 75px;\n  padding-bottom: 75px;\n}\n<\/style>\n\t<\/section>\n\t\n\n","protected":false},"excerpt":{"rendered":"","protected":false},"author":1,"featured_media":0,"parent":0,"menu_order":0,"comment_status":"closed","ping_status":"closed","template":"page-transparent-header-light.php","meta":{"inline_featured_image":false,"footnotes":""},"class_list":["post-1392","page","type-page","status-publish","hentry"],"_links":{"self":[{"href":"https:\/\/mplastpipe.com\/ru\/wp-json\/wp\/v2\/pages\/1392","targetHints":{"allow":["GET"]}}],"collection":[{"href":"https:\/\/mplastpipe.com\/ru\/wp-json\/wp\/v2\/pages"}],"about":[{"href":"https:\/\/mplastpipe.com\/ru\/wp-json\/wp\/v2\/types\/page"}],"author":[{"embeddable":true,"href":"https:\/\/mplastpipe.com\/ru\/wp-json\/wp\/v2\/users\/1"}],"replies":[{"embeddable":true,"href":"https:\/\/mplastpipe.com\/ru\/wp-json\/wp\/v2\/comments?post=1392"}],"version-history":[{"count":13,"href":"https:\/\/mplastpipe.com\/ru\/wp-json\/wp\/v2\/pages\/1392\/revisions"}],"predecessor-version":[{"id":1811,"href":"https:\/\/mplastpipe.com\/ru\/wp-json\/wp\/v2\/pages\/1392\/revisions\/1811"}],"wp:attachment":[{"href":"https:\/\/mplastpipe.com\/ru\/wp-json\/wp\/v2\/media?parent=1392"}],"curies":[{"name":"wp","href":"https:\/\/api.w.org\/{rel}","templated":true}]}}